{"id":284,"date":"2013-11-11T05:32:20","date_gmt":"2013-11-11T05:32:20","guid":{"rendered":"http:\/\/tour.portusproject.org\/?page_id=284"},"modified":"2014-03-14T09:16:39","modified_gmt":"2014-03-14T09:16:39","slug":"la-storia","status":"publish","type":"page","link":"https:\/\/blog.soton.ac.uk\/portustour\/it\/la-storia\/","title":{"rendered":"La Storia"},"content":{"rendered":"<p><img loading=\"lazy\" decoding=\"async\" alt=\"\" src=\"\/portustour\/files\/2013\/11\/About-Header.jpg\" width=\"604\" height=\"233\" \/><br \/>\nPorto (Fiumicino) \u00e8 stato costruito sotto l&#8217;imperatore romano Claudio a met\u00e0 del I secolo d. C. Il sito \u00e8 stato poi ampliato da Traiano e successivamente modificato nel corso del III e IV secolo d.C.<\/p>\n<p>Porto \u00e8 stato di fondamentale importanza per l&#8217;approvvigionamento della citt\u00e0 di Roma imperiale con i prodotti alimentari e i materiali provenienti da tutto il Mediterraneo dal I secolo d.C. Ha agito, inoltre, sia come punto d\u2019esportazione per forniture e prodotti provenienti dalla Valle del Tevere, a nord di Roma, che come centro per la redistribuzione dei beni provenienti dai porti del Mediterraneo.\u00a0<span style=\"line-height: 1.5;\">Deve anche essere stato un importante canale di passaggio per le persone in visita a Roma da tutto il Mediterraneo.<\/span><\/p>\n<p>Il porto ha cominciato ad entrare in un periodo di lento declino a partire dalla fine del V secolo d.C., anche se \u00e8 stato il teatro di una importante battaglia tra le truppe bizantine e gli Ostrogoti durante le guerre gotiche (535-553 d.C.).<\/p>\n<p><a class=\"ttt\" title=\"Scegli un Tour\" href=\"\/it\/tour\/\">SCEGLI UN TOUR<\/a><\/p>\n","protected":false},"excerpt":{"rendered":"<p>Porto (Fiumicino) \u00e8 stato costruito sotto l&#8217;imperatore romano Claudio a met\u00e0 del I secolo d. C. Il sito \u00e8 stato poi ampliato da Traiano e successivamente modificato nel corso del III e IV secolo d.C. Porto \u00e8 stato di fondamentale importanza per l&#8217;approvvigionamento della citt\u00e0 di Roma imperiale con i prodotti alimentari e i materiali &hellip; <a href=\"https:\/\/blog.soton.ac.uk\/portustour\/it\/la-storia\/\" class=\"more-link\">Continue reading <span class=\"screen-reader-text\">La Storia<\/span> <span class=\"meta-nav\">&rarr;<\/span><\/a><\/p>\n","protected":false},"author":65309,"featured_media":0,"parent":0,"menu_order":0,"comment_status":"closed","ping_status":"open","template":"","meta":{"footnotes":""},"class_list":["post-284","page","type-page","status-publish","hentry"],"_links":{"self":[{"href":"https:\/\/blog.soton.ac.uk\/portustour\/wp-json\/wp\/v2\/pages\/284","targetHints":{"allow":["GET"]}}],"collection":[{"href":"https:\/\/blog.soton.ac.uk\/portustour\/wp-json\/wp\/v2\/pages"}],"about":[{"href":"https:\/\/blog.soton.ac.uk\/portustour\/wp-json\/wp\/v2\/types\/page"}],"author":[{"embeddable":true,"href":"https:\/\/blog.soton.ac.uk\/portustour\/wp-json\/wp\/v2\/users\/65309"}],"replies":[{"embeddable":true,"href":"https:\/\/blog.soton.ac.uk\/portustour\/wp-json\/wp\/v2\/comments?post=284"}],"version-history":[{"count":1,"href":"https:\/\/blog.soton.ac.uk\/portustour\/wp-json\/wp\/v2\/pages\/284\/revisions"}],"predecessor-version":[{"id":331,"href":"https:\/\/blog.soton.ac.uk\/portustour\/wp-json\/wp\/v2\/pages\/284\/revisions\/331"}],"wp:attachment":[{"href":"https:\/\/blog.soton.ac.uk\/portustour\/wp-json\/wp\/v2\/media?parent=284"}],"curies":[{"name":"wp","href":"https:\/\/api.w.org\/{rel}","templated":true}]}}