{"id":10,"date":"2012-11-07T18:04:35","date_gmt":"2012-11-07T18:04:35","guid":{"rendered":"http:\/\/dev.blogs.soton.ac.uk\/connectedisland\/?page_id=7"},"modified":"2013-10-16T10:04:53","modified_gmt":"2013-10-16T10:04:53","slug":"data","status":"publish","type":"page","link":"https:\/\/blog.soton.ac.uk\/connectedisland\/data\/","title":{"rendered":"Data"},"content":{"rendered":"<p>This page features the people and publications this project is concerned with, and will be regularly updated with new information as the project progresses.<\/p>\n<p><a href=\"http:\/\/blog.soton.ac.uk\/connectedisland\/files\/2012\/11\/IMGP6863.jpg\"><img loading=\"lazy\" decoding=\"async\" src=\"http:\/\/blog.soton.ac.uk\/connectedisland\/files\/2012\/11\/IMGP6863-224x300.jpg\" alt=\"\" title=\"IMGP6863\" width=\"224\" height=\"300\" class=\"aligncenter size-medium wp-image-69\" srcset=\"https:\/\/blog.soton.ac.uk\/connectedisland\/files\/2012\/11\/IMGP6863-224x300.jpg 224w, https:\/\/blog.soton.ac.uk\/connectedisland\/files\/2012\/11\/IMGP6863-767x1024.jpg 767w, https:\/\/blog.soton.ac.uk\/connectedisland\/files\/2012\/11\/IMGP6863.jpg 1448w\" sizes=\"auto, (max-width: 224px) 100vw, 224px\" \/><\/a><\/p>\n<h3>People<\/h3>\n<p>This project will focus on the work of a large number of European researchers. We aim to perform a quantitative assessment of their impact as well as a close reading of their publications concerning the Lower and Middle Palaeolithic. So far we have focused on the following Central European Researchers:<\/p>\n<table width=\"146\" border=\"0\" cellspacing=\"0\" cellpadding=\"0\">\n<col width=\"146\" \/>\n<tbody>\n<tr>\n<td width=\"146\" height=\"15\">Karel Absolon<\/td>\n<\/tr>\n<tr>\n<td width=\"146\" height=\"16\">Viola Dobosi<\/td>\n<\/tr>\n<tr>\n<td width=\"146\" height=\"15\">Boles\u0142aw Ginter<\/td>\n<\/tr>\n<tr>\n<td width=\"146\" height=\"14\">Bohuslav Kl\u00edma<\/td>\n<\/tr>\n<tr>\n<td width=\"146\" height=\"15\">Micha\u0142 Kobusiewicz<\/td>\n<\/tr>\n<tr>\n<td width=\"146\" height=\"16\">Janusz Krzysztof Koz\u0142owski<\/td>\n<\/tr>\n<tr>\n<td width=\"146\" height=\"16\">Stefan Koz\u0142owski<\/td>\n<\/tr>\n<tr>\n<td height=\"15\">G\u00e1bori Mikl\u00f3s<\/td>\n<\/tr>\n<tr>\n<td width=\"146\" height=\"16\">Martin Oliva<\/td>\n<\/tr>\n<tr>\n<td width=\"146\" height=\"16\">Romuald Schild<\/td>\n<\/tr>\n<tr>\n<td width=\"146\" height=\"16\">Josef Skutil<\/td>\n<\/tr>\n<tr>\n<td width=\"146\" height=\"15\">Ji\u0159\u00ed Svoboda<\/td>\n<\/tr>\n<tr>\n<td width=\"146\" height=\"16\">Karel Valoch<\/td>\n<\/tr>\n<tr>\n<td width=\"146\" height=\"16\">L\u00e1szl\u00f3 V\u00e9rtes<\/td>\n<\/tr>\n<\/tbody>\n<\/table>\n<p>&nbsp;<\/p>\n<div id=\"attachment_73\" style=\"width: 210px\" class=\"wp-caption aligncenter\"><a href=\"http:\/\/blog.soton.ac.uk\/connectedisland\/files\/2012\/11\/IMGP78222.jpg\"><img loading=\"lazy\" decoding=\"async\" aria-describedby=\"caption-attachment-73\" src=\"http:\/\/blog.soton.ac.uk\/connectedisland\/files\/2012\/11\/IMGP78222-200x300.jpg\" alt=\"\" title=\"IMGP7822\" width=\"200\" height=\"300\" class=\"size-medium wp-image-73\" srcset=\"https:\/\/blog.soton.ac.uk\/connectedisland\/files\/2012\/11\/IMGP78222-200x300.jpg 200w, https:\/\/blog.soton.ac.uk\/connectedisland\/files\/2012\/11\/IMGP78222-682x1024.jpg 682w, https:\/\/blog.soton.ac.uk\/connectedisland\/files\/2012\/11\/IMGP78222.jpg 2048w\" sizes=\"auto, (max-width: 200px) 100vw, 200px\" \/><\/a><p id=\"caption-attachment-73\" class=\"wp-caption-text\">E\u00f6tv\u00f6s Lor\u00e1nd University (University of Budapest)<\/p><\/div>\n<h3>Libraries<\/h3>\n<p>We extracted bibliographies of all papers of a synthetic nature (i.e. not field reports or site monographs) from a number of libraries around the globe, including:<\/p>\n<p><!-- table {mso-displayed-decimal-separator:\".\"; mso-displayed-thousand-separator:\",\";} @page {margin:1.0in .75in 1.0in .75in; mso-header-margin:.5in; mso-footer-margin:.5in;} td {padding-top:1px; padding-right:1px; padding-left:1px; mso-ignore:padding; color:black; font-size:11.0pt; font-weight:400; font-style:normal; text-decoration:none; font-family:Calibri, sans-serif; mso-font-charset:0; mso-number-format:General; text-align:general; vertical-align:bottom; border:none; mso-background-source:auto; mso-pattern:auto; mso-protection:locked visible; white-space:nowrap; mso-rotate:0;} --><\/p>\n<table width=\"65\" border=\"0\" cellspacing=\"0\" cellpadding=\"0\">\n<col width=\"65\" \/>\n<tbody>\n<tr>\n<td width=\"65\" height=\"14\">Institute for Archaeology, Jagiellonian University, Krakow, Poland<\/td>\n<\/tr>\n<tr>\n<td height=\"15\">Institute for Archaeology, University of Budapest, Budapest, Hungary<\/td>\n<\/tr>\n<tr>\n<td height=\"16\">Hungarian Academy of Science, Budapest, Hungary<\/td>\n<\/tr>\n<tr>\n<td height=\"16\">Hartley Library, Unversity of Southampton<\/td>\n<\/tr>\n<tr>\n<td height=\"15\">On-line databases, including JSTOR, Web of Knowledge etc.<\/td>\n<\/tr>\n<\/tbody>\n<\/table>\n<p><a href=\"http:\/\/blog.soton.ac.uk\/connectedisland\/files\/2012\/11\/IMGP6881.jpg\"><img loading=\"lazy\" decoding=\"async\" src=\"http:\/\/blog.soton.ac.uk\/connectedisland\/files\/2012\/11\/IMGP6881-224x300.jpg\" alt=\"\" title=\"IMGP6881\" width=\"224\" height=\"300\" class=\"aligncenter size-medium wp-image-75\" srcset=\"https:\/\/blog.soton.ac.uk\/connectedisland\/files\/2012\/11\/IMGP6881-224x300.jpg 224w, https:\/\/blog.soton.ac.uk\/connectedisland\/files\/2012\/11\/IMGP6881-764x1024.jpg 764w, https:\/\/blog.soton.ac.uk\/connectedisland\/files\/2012\/11\/IMGP6881.jpg 1501w\" sizes=\"auto, (max-width: 224px) 100vw, 224px\" \/><\/a><\/p>\n<h3>Publications<\/h3>\n<p>In a first phase the project collected bibliographic information on publications by Hungarian archaeologists. The following publications were included in the analysis:<\/p>\n<p>G\u00e1bori-Cs\u00e1nk,Veronika,1994,Le jankovichien. Une civilisation paleolithique en Hungarie<br \/>\nV\u00e9rtes,L\u00e1szl\u00f3, and T\u00f3th, L. 1963,Der Gebrauch des glasigen quarzporphyrs im Palaolithikum des Bukk-Gebirges<br \/>\nV\u00e9rtes,L\u00e1szl\u00f3,1965,Az oskokor es az atmeneti kokor emlekei magyarorszagon<br \/>\nV\u00e9rtes,L\u00e1szl\u00f3, and Kretzoi, Miklos, 1964,A Vertesszollosi alsopaleolit ostelep<br \/>\nGabori,Miklos,1964,Beitrage zum Palaolithikum des Donauknie-Gebietes<br \/>\nV\u00e9rtes,L\u00e1szl\u00f3,1964,Tata. Eine Mittelpalaolithische Travertin-Siedlung in Ungarn<br \/>\nGabori,Miklos,1964,A kesoi paleolitikum Magyarorszagon<br \/>\nGabori,Miklos,1976,Les civilisations du Paleolithique Moyen entre les Alpes et l&#8217;Oural<br \/>\nG\u00e1bori-Cs\u00e1nk,Veronika,1968,La station du Paleolithique Moyen d&#8217;Erd &#8211; Hongorie<br \/>\nV\u00e9rtes,L\u00e1szl\u00f3,1969,Kavics Osveny<br \/>\nDobosi,Viola,1983,Data to the evaluation of the middle palaeolithic industry of Tata<br \/>\nDobosi,Viola,1985,&#8221;Jewelery, musical instruments and exotic objects from the Hungarian Palaeolithic&#8221;<br \/>\nG\u00e1bori-Cs\u00e1nk,Veronika,1967,Un noveau site mousterien en Hongarie<br \/>\nV\u00e9rtes,L\u00e1szl\u00f3,1962,Ausgrabungen der Altsteinzeitlichen Siedlung von Arka 1960-1961<br \/>\nGabori,Miklos,1969,Regionale Verbreitung Palaolithischer Kulturen Ungarns<br \/>\nGabori,Miklos,1970,25 Jahre Palaolithforschung in Ungarn<br \/>\nV\u00e9rtes,L\u00e1szl\u00f3,1968,Rates of evolution in palaolithic technology<br \/>\nG\u00e1bori-Cs\u00e1nk,Veronika,1968,Geratentwicklung und Wirtschaftsanderung im mittelpalaolithikum<br \/>\nV\u00e9rtes,L\u00e1szl\u00f3,1959,Beitrage zur technologie des palaolithikums<br \/>\nSkutil,Josef,1958,Die Festellung des mitteleuropaischen Palaolithikums die Tat der Magyarischen Wissenschaft<br \/>\nBiro,K. T.,1988,Distribution of lithic raw materials on prehistoric sites. An interim report.<br \/>\nGabori,Miklos,1979,Type of industry and ecology<br \/>\nV\u00e9rtes,L\u00e1szl\u00f3,1955,Sur les resultats des recents de la recherche du Paleolithique hongrois<br \/>\nGabori,Miklos,1955,Les resultats des recherches sur les stations loess de Hongrie<br \/>\nV\u00e9rtes,L\u00e1szl\u00f3,1957,Neue Forschungen in der Jankovich-Hohle<br \/>\nV\u00e9rtes,L\u00e1szl\u00f3,1960,Az oskokor embere Magyarszagon<br \/>\nDobosi,Viola,1982,Foreign finds in the palaeolithic collection of the Hungarian National Museum<br \/>\nDobosi,Viola,1978,A Pattintott koeszkozok nyersanyagarol<br \/>\nV\u00e9rtes,L\u00e1szl\u00f3,1965,Zur Technologie grobgeratiger silexfunde in nordungarn<br \/>\nRoska,Marton,1939,L&#8217;industrie musteriene de Baratka<br \/>\nGabori,Miklos,1969,Der heutige Stand der Palaolithforschung in Ungarn<br \/>\nHillebrand,Jeno,1935,Magyarorszag oskokora<br \/>\nKordosz,Laszlo,1985,Az elso otvenmillio ev osok rudabanyan<br \/>\nKadic,Ottokar,1934,Der Mensch zur Eiszeit in Ungarn<br \/>\nV\u00e9rtes,L\u00e1szl\u00f3,1959,Untersuchungen an hohlensedimenten. Methode und ergebnise<br \/>\nKretzoi,Miklos, and Dobosi, Viola 1990,&#8221;Vertesszolos &#8211; man, site and culture&#8221;<\/p>\n<p>More coming soon!<\/p>\n","protected":false},"excerpt":{"rendered":"<p>This page features the people and publications this project is concerned with, and will be regularly updated with new information as the project progresses. People This project will focus on the work of a large number of European researchers. We aim to perform a quantitative assessment of their impact as well as a close reading [&hellip;]<\/p>\n","protected":false},"author":88360,"featured_media":0,"parent":0,"menu_order":1,"comment_status":"closed","ping_status":"closed","template":"","meta":{"footnotes":""},"class_list":["post-10","page","type-page","status-publish","hentry"],"_links":{"self":[{"href":"https:\/\/blog.soton.ac.uk\/connectedisland\/wp-json\/wp\/v2\/pages\/10","targetHints":{"allow":["GET"]}}],"collection":[{"href":"https:\/\/blog.soton.ac.uk\/connectedisland\/wp-json\/wp\/v2\/pages"}],"about":[{"href":"https:\/\/blog.soton.ac.uk\/connectedisland\/wp-json\/wp\/v2\/types\/page"}],"author":[{"embeddable":true,"href":"https:\/\/blog.soton.ac.uk\/connectedisland\/wp-json\/wp\/v2\/users\/88360"}],"replies":[{"embeddable":true,"href":"https:\/\/blog.soton.ac.uk\/connectedisland\/wp-json\/wp\/v2\/comments?post=10"}],"version-history":[{"count":10,"href":"https:\/\/blog.soton.ac.uk\/connectedisland\/wp-json\/wp\/v2\/pages\/10\/revisions"}],"predecessor-version":[{"id":81,"href":"https:\/\/blog.soton.ac.uk\/connectedisland\/wp-json\/wp\/v2\/pages\/10\/revisions\/81"}],"wp:attachment":[{"href":"https:\/\/blog.soton.ac.uk\/connectedisland\/wp-json\/wp\/v2\/media?parent=10"}],"curies":[{"name":"wp","href":"https:\/\/api.w.org\/{rel}","templated":true}]}}